{"id":15672,"date":"2020-10-13T13:36:12","date_gmt":"2020-10-13T11:36:12","guid":{"rendered":"https:\/\/expofair-berlin.de\/jobs\/"},"modified":"2024-04-18T17:18:56","modified_gmt":"2024-04-18T15:18:56","slug":"jobs","status":"publish","type":"page","link":"https:\/\/expofair.projekte-web.com\/en\/jobs\/","title":{"rendered":"Jobs"},"content":{"rendered":"<p>[vc_row][vc_column]<div id=\"interactive-banner-wrap-8701\" class=\"porto-ibanner\" style=\"\" data-appear-animation=\"zoomIn\"><img src=\"https:\/\/expofair.projekte-web.com\/wp-content\/uploads\/2021\/05\/Jobs_expofair.png\" alt=\"\" width=\"1502\" height=\"1003\" class=\"porto-ibanner-img\" srcset=\"https:\/\/expofair.projekte-web.com\/wp-content\/uploads\/2021\/05\/Jobs_expofair.png 1502w, https:\/\/expofair.projekte-web.com\/wp-content\/uploads\/2021\/05\/Jobs_expofair-600x401.png 600w, https:\/\/expofair.projekte-web.com\/wp-content\/uploads\/2021\/05\/Jobs_expofair-1024x684.png 1024w, https:\/\/expofair.projekte-web.com\/wp-content\/uploads\/2021\/05\/Jobs_expofair-768x513.png 768w, https:\/\/expofair.projekte-web.com\/wp-content\/uploads\/2021\/05\/Jobs_expofair-450x300.png 450w, https:\/\/expofair.projekte-web.com\/wp-content\/uploads\/2021\/05\/Jobs_expofair-640x427.png 640w, https:\/\/expofair.projekte-web.com\/wp-content\/uploads\/2021\/05\/Jobs_expofair-400x267.png 400w\" sizes=\"(max-width: 1502px) 100vw, 1502px\"><div class=\"porto-ibanner-desc\"><h2 class=\"porto-ibanner-title\" style=\"\">WIR SUCHEN DICH!<\/h2><div class=\"porto-ibanner-content\" style=\"\"><\/div><\/div><\/div>[vc_custom_heading text=&#8221;Eventbranche Berlin Jobs | Stellenanzeigen&#8221; font_container=&#8221;tag:h1|text_align:left&#8221; use_theme_fonts=&#8221;yes&#8221;][\/vc_column][\/vc_row][vc_row][vc_column][vc_custom_heading text=&#8221;Unser Motto: wir machen&#8217;s einfach! und suchen die, die&#8217;s einfach machen!&#8221; use_theme_fonts=&#8221;yes&#8221;][vc_column_text]Ein neuer Job, ein Ausbildungsplatz, das sind keine Schuhe, die entweder passen oder auch nicht. Wir alle wachsen t\u00e4glich&#8230; in neue Aufgaben, gemeinsam mit Kollegen und manchmal sogar \u00fcber uns selbst hinaus. Deshalb lieben wir bei expofair Quereinsteiger ebenso wie Fachleute und solche, die es bei uns werden wollen.<\/p>\n<p>Wenn also eine unserer Stellenbeschreibungen nicht 100-prozentig auf Dich zutrifft, dann vertraue einfach Deinem Wunsch nach Ver\u00e4nderung und melde Dich bei uns.<\/p>\n<p class=\"vc_custom_heading align-left\">Eventbranche Berlin Jobs | Stellenanzeigen:<\/p>\n<h2><\/h2>\n<h2><a href=\"https:\/\/expofair-berlin.de\/stellenanzeige-kraftfahrer-berlin\/\" target=\"_blank\" rel=\"noopener noreferrer\">Kraftfahrer*in (m\/w\/d) mit C \/ CE F\u00fchrerschein<\/a><\/h2>\n<hr \/>\n<h2><a href=\"https:\/\/expofair-berlin.de\/stellenanzeige-freiberuflicher-messebauer\/\" target=\"_blank\" rel=\"noopener noreferrer\">Messebauer*in (m\/w\/d) f\u00fcr Systemmessebau, auch freiberuflich<\/a><\/h2>\n<hr \/>\n<h2><a href=\"https:\/\/expofair-berlin.de\/stellenanzeige-lagerarbeiter-berlin\/\" target=\"_blank\" rel=\"noopener noreferrer\">Lagerarbeiter*in\/Beifahrer*in (m\/w\/d) \u2013 mit Auslieferungs- und Montaget\u00e4tigkeit<\/a><\/h2>\n<hr \/>\n<h2><\/h2>\n<h2><\/h2>\n<p>[\/vc_column_text][vc_custom_heading text=&#8221;Auf der Suche nach einer Ausbildung?&#8221; use_theme_fonts=&#8221;yes&#8221;][vc_custom_heading text=&#8221;Wir teilen unser Wissen, mit denen die es wissen wollen!&#8221; font_container=&#8221;tag:h3|text_align:left&#8221; use_theme_fonts=&#8221;yes&#8221;][vc_column_text]Du bist ein Organisationstalent und hast den Blick f\u00fcr&#8217;s Kleine genauso wie f\u00fcr&#8217;s Gro\u00dfe? Du bist voll dabei, wenn aus einer Idee ein Event wird? Hast Visionen und Dir geht nicht gleich die Puste aus, wenn aus dem Plan auch mal eine Improvisation wird?<\/p>\n<p>Dann komm&#8217; an Bord der expofair &#8211; Wir freuen uns auf Deine Bewerbung.[\/vc_column_text][vc_column_text]<\/p>\n<h2><a href=\"https:\/\/expofair-berlin.de\/stellenanzeige-ausbildung-veranstaltungskauffrau-mann\/\" target=\"_blank\" rel=\"noopener noreferrer\">Auszubildende\/r Veranstaltungskauffrau\/-mann<\/a><\/h2>\n<div class=\"views-row views-row-2 views-row-even views-row-last\">\n<hr \/>\n<\/div>\n<p>[\/vc_column_text][\/vc_column][\/vc_row][vc_row][vc_column width=&#8221;1\/2&#8243;][vc_column_text]<\/p>\n<h5>Mach&#8217;s wie wir &#8211; eine Kampagne der IHK Berlin<\/h5>\n<p>Eine sch\u00f6ne Idee bei der zuk\u00fcnftige Auszubildene von gegenw\u00e4rtigen Auszubildenden inspiriert werden. Getreu unserem Motto hat&#8217;s unsere Isabel einfach gemacht und einen Film gedreht.[\/vc_column_text][\/vc_column][vc_column width=&#8221;1\/4&#8243;][vc_btn title=&#8221;Mach&#8217;s wie wir &#8211; Film ab!&#8221; shape=&#8221;square&#8221; size=&#8221;lg&#8221; animation_type=&#8221;slideInRight&#8221; link=&#8221;url:https%3A%2F%2Fwww.machs-wie-wir.de%2Fveranstaltungskaufleute|target:_blank&#8221;][\/vc_column][\/vc_row][vc_row][vc_column][vc_single_image image=&#8221;27684&#8243; img_size=&#8221;full&#8221;][\/vc_column][\/vc_row][vc_row][vc_column animation_type=&#8221;bounceIn&#8221;][vc_btn title=&#8221;Bewerbungsunterlagen &#8211; schick&#8217;s jetzt!&#8221; style=&#8221;custom&#8221; custom_background=&#8221;#de111e&#8221; custom_text=&#8221;#ffffff&#8221; size=&#8221;xl&#8221; align=&#8221;left&#8221; i_icon_fontawesome=&#8221;fas fa-hand-point-right&#8221; animation_duration=&#8221;500&#8243; add_icon=&#8221;true&#8221; link=&#8221;url:mailto%3Agf%40expofair-berlin.de&#8221;][vc_row_inner][vc_column_inner][vc_column_text]<strong>Gerne auch per Post an:<\/strong><\/p>\n<p>expofair GmbH, Berlin<br \/>\nPersonalabteilung<br \/>\nBessemerstra\u00dfe 38 &#8211; 42<br \/>\n12103 Berlin<\/p>\n<p><strong>Telefon:<\/strong> 030 \/ 68 40 86 &#8211; 10[\/vc_column_text][\/vc_column_inner][\/vc_row_inner][\/vc_column][\/vc_row]<\/p>\n","protected":false},"excerpt":{"rendered":"<p>[vc_row][vc_column][vc_custom_heading text=&#8221;Eventbranche Berlin Jobs | Stellenanzeigen&#8221; font_container=&#8221;tag:h1|text_align:left&#8221; use_theme_fonts=&#8221;yes&#8221;][\/vc_column][\/vc_row][vc_row][vc_column][vc_custom_heading text=&#8221;Unser Motto: wir machen&#8217;s einfach! und suchen die, die&#8217;s einfach machen!&#8221; use_theme_fonts=&#8221;yes&#8221;][vc_column_text]Ein neuer Job, ein Ausbildungsplatz, das sind keine Schuhe, die entweder passen oder auch nicht. Wir alle wachsen t\u00e4glich&#8230; in neue Aufgaben, gemeinsam mit Kollegen und manchmal sogar \u00fcber uns selbst hinaus. Deshalb lieben wir bei [&hellip;]<\/p>\n","protected":false},"author":1,"featured_media":0,"parent":0,"menu_order":0,"comment_status":"closed","ping_status":"closed","template":"","meta":[],"acf":[],"yoast_head":"<!-- This site is optimized with the Yoast SEO plugin v15.0 - https:\/\/yoast.com\/wordpress\/plugins\/seo\/ -->\n<title>Eventbranche Berlin Jobs | Stellenanzeigen - expofair GmbH<\/title>\n<meta name=\"description\" content=\"Eventbranche Berlin Jobs | Stellenanzeigen Eventausstatter XXXL bis S - Wir machens&#039;s einfach und suchen die, die&#039;s einfach machen!\" \/>\n<meta name=\"robots\" content=\"index, follow, max-snippet:-1, max-image-preview:large, max-video-preview:-1\" \/>\n<link rel=\"canonical\" href=\"https:\/\/expofair-berlin.de\/en\/jobs\/\" \/>\n<meta property=\"og:locale\" content=\"en_US\" \/>\n<meta property=\"og:type\" content=\"article\" \/>\n<meta property=\"og:title\" content=\"Eventbranche Berlin Jobs | Stellenanzeigen - expofair GmbH\" \/>\n<meta property=\"og:description\" content=\"Eventbranche Berlin Jobs | Stellenanzeigen Eventausstatter XXXL bis S - Wir machens&#039;s einfach und suchen die, die&#039;s einfach machen!\" \/>\n<meta property=\"og:url\" content=\"https:\/\/expofair-berlin.de\/en\/jobs\/\" \/>\n<meta property=\"og:site_name\" content=\"expofair GmbH\" \/>\n<meta property=\"article:modified_time\" content=\"2024-04-18T15:18:56+00:00\" \/>\n<meta property=\"og:image\" content=\"https:\/\/expofair.projekte-web.com\/wp-content\/uploads\/2020\/10\/expofair-logo.png\" \/>\n\t<meta property=\"og:image:width\" content=\"180\" \/>\n\t<meta property=\"og:image:height\" content=\"73\" \/>\n<meta name=\"twitter:card\" content=\"summary_large_image\" \/>\n<script type=\"application\/ld+json\" class=\"yoast-schema-graph\">{\"@context\":\"https:\/\/schema.org\",\"@graph\":[{\"@type\":\"Organization\",\"@id\":\"https:\/\/expofair.projekte-web.com\/en\/#organization\",\"name\":\"Expofair\",\"url\":\"https:\/\/expofair.projekte-web.com\/en\/\",\"sameAs\":[],\"logo\":{\"@type\":\"ImageObject\",\"@id\":\"https:\/\/expofair.projekte-web.com\/en\/#logo\",\"inLanguage\":\"en-US\",\"url\":\"https:\/\/expofair.projekte-web.com\/wp-content\/uploads\/2020\/10\/expofair-logo.png\",\"width\":180,\"height\":73,\"caption\":\"Expofair\"},\"image\":{\"@id\":\"https:\/\/expofair.projekte-web.com\/en\/#logo\"}},{\"@type\":\"WebSite\",\"@id\":\"https:\/\/expofair.projekte-web.com\/en\/#website\",\"url\":\"https:\/\/expofair.projekte-web.com\/en\/\",\"name\":\"expofair GmbH\",\"description\":\"we just do it\",\"publisher\":{\"@id\":\"https:\/\/expofair.projekte-web.com\/en\/#organization\"},\"potentialAction\":[{\"@type\":\"SearchAction\",\"target\":\"https:\/\/expofair.projekte-web.com\/en\/?s={search_term_string}\",\"query-input\":\"required name=search_term_string\"}],\"inLanguage\":\"en-US\"},{\"@type\":\"WebPage\",\"@id\":\"https:\/\/expofair-berlin.de\/en\/jobs\/#webpage\",\"url\":\"https:\/\/expofair-berlin.de\/en\/jobs\/\",\"name\":\"Eventbranche Berlin Jobs | Stellenanzeigen - expofair GmbH\",\"isPartOf\":{\"@id\":\"https:\/\/expofair.projekte-web.com\/en\/#website\"},\"datePublished\":\"2020-10-13T11:36:12+00:00\",\"dateModified\":\"2024-04-18T15:18:56+00:00\",\"description\":\"Eventbranche Berlin Jobs | Stellenanzeigen Eventausstatter XXXL bis S - Wir machens's einfach und suchen die, die's einfach machen!\",\"inLanguage\":\"en-US\",\"potentialAction\":[{\"@type\":\"ReadAction\",\"target\":[\"https:\/\/expofair-berlin.de\/en\/jobs\/\"]}]}]}<\/script>\n<!-- \/ Yoast SEO plugin. -->","_links":{"self":[{"href":"https:\/\/expofair.projekte-web.com\/en\/wp-json\/wp\/v2\/pages\/15672"}],"collection":[{"href":"https:\/\/expofair.projekte-web.com\/en\/wp-json\/wp\/v2\/pages"}],"about":[{"href":"https:\/\/expofair.projekte-web.com\/en\/wp-json\/wp\/v2\/types\/page"}],"author":[{"embeddable":true,"href":"https:\/\/expofair.projekte-web.com\/en\/wp-json\/wp\/v2\/users\/1"}],"replies":[{"embeddable":true,"href":"https:\/\/expofair.projekte-web.com\/en\/wp-json\/wp\/v2\/comments?post=15672"}],"version-history":[{"count":196,"href":"https:\/\/expofair.projekte-web.com\/en\/wp-json\/wp\/v2\/pages\/15672\/revisions"}],"predecessor-version":[{"id":105204,"href":"https:\/\/expofair.projekte-web.com\/en\/wp-json\/wp\/v2\/pages\/15672\/revisions\/105204"}],"wp:attachment":[{"href":"https:\/\/expofair.projekte-web.com\/en\/wp-json\/wp\/v2\/media?parent=15672"}],"curies":[{"name":"wp","href":"https:\/\/api.w.org\/{rel}","templated":true}]}}